{"id":6016,"date":"2019-08-23T15:27:20","date_gmt":"2019-08-23T12:27:20","guid":{"rendered":"http:\/\/k-e.gr\/?page_id=6016"},"modified":"2019-08-27T20:07:04","modified_gmt":"2019-08-27T17:07:04","slug":"solarhouse1","status":"publish","type":"page","link":"https:\/\/k-e.gr\/index.php\/home-fr\/solarhouse1\/","title":{"rendered":"Maisons autonomes transportables \u00e0 l&#8217;\u00e9nergie solaire."},"content":{"rendered":"<div id=\"pl-6016\"  class=\"panel-layout\" ><div id=\"pg-6016-0\"  class=\"panel-grid panel-no-style\" ><div id=\"pgc-6016-0-0\"  class=\"panel-grid-cell\" ><div id=\"panel-6016-0-0-0\" class=\"so-panel widget widget_sow-image panel-first-child panel-last-child\" data-index=\"0\" ><div\n\t\t\t\n\t\t\tclass=\"so-widget-sow-image so-widget-sow-image-default-8b5b6f678277-6016\"\n\t\t\t\n\t\t>\n<div class=\"sow-image-container\">\n\t\t<img \n\tsrc=\"https:\/\/k-e.gr\/wp-content\/uploads\/2019\/08\/SOLARHOUSE1.jpg\" width=\"962\" height=\"626\" srcset=\"https:\/\/k-e.gr\/wp-content\/uploads\/2019\/08\/SOLARHOUSE1.jpg 962w, https:\/\/k-e.gr\/wp-content\/uploads\/2019\/08\/SOLARHOUSE1-600x390.jpg 600w, https:\/\/k-e.gr\/wp-content\/uploads\/2019\/08\/SOLARHOUSE1-300x195.jpg 300w, https:\/\/k-e.gr\/wp-content\/uploads\/2019\/08\/SOLARHOUSE1-768x500.jpg 768w\" sizes=\"(max-width: 962px) 100vw, 962px\" alt=\"Maisons autonomes transportables \u00e0 l&#039;\u00e9nergie solaire.\" \t\tclass=\"so-widget-image\"\/>\n\t<\/div>\n\n<\/div><\/div><\/div><\/div><div id=\"pg-6016-1\"  class=\"panel-grid panel-no-style\" ><div id=\"pgc-6016-1-0\"  class=\"panel-grid-cell\" ><div id=\"panel-6016-1-0-0\" class=\"so-panel widget widget_sow-editor panel-first-child panel-last-child\" data-index=\"1\" ><div\n\t\t\t\n\t\t\tclass=\"so-widget-sow-editor so-widget-sow-editor-base\"\n\t\t\t\n\t\t><h3 class=\"widget-title\">Maisons autonomes transportables \u00e0 l'\u00e9nergie solaire.<\/h3>\n<div class=\"siteorigin-widget-tinymce textwidget\">\n\t<p>Nous proposons des maisons autonomes transportables \u00e0 l'\u00e9nergie solaire.<\/p>\n<p>&nbsp;<\/p>\n<p>A) - 14,4 m2 de surface, 6mX2,4m<\/p>\n<p>- Avec WC, cuisine, isolation, plomberie et c\u00e2blage.<\/p>\n<p>- Syst\u00e8me photovolta\u00efque autonome de 800Watt. 16.000 \u20ac<\/p>\n<p>&nbsp;<\/p>\n<p>B) - 29 m2 de surface, 6mX4,8m<\/p>\n<p>- Avec WC, cuisine, plomberie et c\u00e2blage.<\/p>\n<p>- Syst\u00e8me photovolta\u00efque autonome de 1500Watt. 32.000 \u20ac.<\/p>\n<p>&nbsp;<\/p>\n<p>La maison a juste besoin d'eau et de drainage. Nous pouvons \u00e9galement fournir.<\/p>\n<p>C\u2019est la solution pour les projets de logements rapides et bon march\u00e9.<\/p>\n<p>Nous pouvons offrir un financement pour une p\u00e9riode maximale de six mois.<br \/>\nNous livrons dans le monde entier.<\/p>\n<\/div>\n<\/div><\/div><\/div><\/div><div id=\"pg-6016-2\"  class=\"panel-grid panel-no-style\" ><div id=\"pgc-6016-2-0\"  class=\"panel-grid-cell panel-grid-cell-empty panel-grid-cell-mobile-last\" ><\/div><div id=\"pgc-6016-2-1\"  class=\"panel-grid-cell panel-grid-cell-empty\" ><\/div><\/div><div id=\"pg-6016-3\"  class=\"panel-grid panel-no-style\" ><div id=\"pgc-6016-3-0\"  class=\"panel-grid-cell panel-grid-cell-empty\" ><\/div><\/div><div id=\"pg-6016-4\"  class=\"panel-grid panel-no-style\" ><div id=\"pgc-6016-4-0\"  class=\"panel-grid-cell\" ><div id=\"panel-6016-4-0-0\" class=\"widget_text so-panel widget widget_custom_html panel-first-child panel-last-child\" data-index=\"2\" ><div class=\"textwidget custom-html-widget\"><!-- \u0394\u03b7\u03bc\u03b9\u03bf\u03c5\u03c1\u03b3\u03ae\u03b8\u03b7\u03ba\u03b5 \u03c3\u03ae\u03bc\u03b1\u03bd\u03c3\u03b7 JSON-LD \u03b1\u03c0\u03cc \u03c4\u03bf \u0392\u03bf\u03b7\u03b8\u03b7\u03c4\u03b9\u03ba\u03cc \u03c0\u03c1\u03cc\u03b3\u03c1\u03b1\u03bc\u03bc\u03b1 \u03b3\u03b9\u03b1 \u03c4\u03b7 \u03c3\u03ae\u03bc\u03b1\u03bd\u03c3\u03b7 \u03b4\u03bf\u03bc\u03b7\u03bc\u03ad\u03bd\u03c9\u03bd \u03b4\u03b5\u03b4\u03bf\u03bc\u03ad\u03bd\u03c9\u03bd Google. -->\n<script type=\"application\/ld+json\">\n{\n  \"@context\" : \"http:\/\/schema.org\",\n  \"@type\" : \"Product\",\n  \"name\" : \"Maisons Autonomes Solaires Transportables\",\n  \"image\" : \"https:\/\/k-e.gr\/wp-content\/uploads\/2019\/08\/SOLARHOUSE1.jpg\",\n  \"description\" : \"29 m2 de surface, 6mX4,8m<\/P>\\n<P>- Avec WC, cuisine, plomberie et c\u00e2blage.<\/P>\\n<P>- Syst\u00e8me photovolta\u00efque autonome de 1500Watt.\",\n  \"offers\" : {\n    \"@type\" : \"Offer\",\n    \"price\" : \"32.000 \u20ac\"\n  }\n}\n<\/script><\/div><\/div><\/div><div id=\"pgc-6016-4-1\"  class=\"panel-grid-cell panel-grid-cell-empty panel-grid-cell-mobile-last\" ><\/div><div id=\"pgc-6016-4-2\"  class=\"panel-grid-cell panel-grid-cell-empty\" ><\/div><\/div><\/div>","protected":false},"excerpt":{"rendered":"<p>Nous proposons des maisons autonomes transportables \u00e0 l&#8217;\u00e9nergie solaire. &nbsp; A) &#8211; 14,4 m2 de surface, 6mX2,4m &#8211; Avec WC, cuisine, isolation, plomberie et c\u00e2blage. &#8211; Syst\u00e8me photovolta\u00efque autonome de 800Watt. 16.000 \u20ac &nbsp; B) &#8211; 29 m2 de surface, 6mX4,8m &#8211; Avec WC, cuisine, plomberie et c\u00e2blage. &#8211; Syst\u00e8me photovolta\u00efque autonome de 1500Watt. 32.000 [&hellip;]<\/p>\n","protected":false},"author":1,"featured_media":0,"parent":6097,"menu_order":0,"comment_status":"closed","ping_status":"closed","template":"","meta":{"footnotes":""},"class_list":["post-6016","page","type-page","status-publish","czr-hentry"],"yoast_head":"<!-- This site is optimized with the Yoast SEO plugin v27.5 - https:\/\/yoast.com\/product\/yoast-seo-wordpress\/ -->\n<title>Maisons autonomes transportables \u00e0 l&#039;\u00e9nergie solaire. - KOSMOS ENERGEIA<\/title>\n<meta name=\"description\" content=\"Nous vous proposons des Maisons autonomes transportables \u00e0 l&#039;\u00e9nergie solaire.. Diff\u00e9rente planification et un autre \u00e9tage est possible.\" \/>\n<meta name=\"robots\" content=\"index, follow, max-snippet:-1, max-image-preview:large, max-video-preview:-1\" \/>\n<link rel=\"canonical\" href=\"https:\/\/k-e.gr\/index.php\/home-fr\/solarhouse1\/\" \/>\n<meta property=\"og:locale\" content=\"el_GR\" \/>\n<meta property=\"og:type\" content=\"article\" \/>\n<meta property=\"og:title\" content=\"Maisons autonomes transportables \u00e0 l&#039;\u00e9nergie solaire. - KOSMOS ENERGEIA\" \/>\n<meta property=\"og:description\" content=\"Nous vous proposons des Maisons autonomes transportables \u00e0 l&#039;\u00e9nergie solaire.. Diff\u00e9rente planification et un autre \u00e9tage est possible.\" \/>\n<meta property=\"og:url\" content=\"https:\/\/k-e.gr\/index.php\/home-fr\/solarhouse1\/\" \/>\n<meta property=\"og:site_name\" content=\"KOSMOS ENERGEIA\" \/>\n<meta property=\"article:modified_time\" content=\"2019-08-27T17:07:04+00:00\" \/>\n<meta name=\"twitter:card\" content=\"summary_large_image\" \/>\n<meta name=\"twitter:label1\" content=\"\u0395\u03ba\u03c4\u03b9\u03bc\u03ce\u03bc\u03b5\u03bd\u03bf\u03c2 \u03c7\u03c1\u03cc\u03bd\u03bf\u03c2 \u03b1\u03bd\u03ac\u03b3\u03bd\u03c9\u03c3\u03b7\u03c2\" \/>\n\t<meta name=\"twitter:data1\" content=\"1 \u03bb\u03b5\u03c0\u03c4\u03cc\" \/>\n<script type=\"application\/ld+json\" class=\"yoast-schema-graph\">{\"@context\":\"https:\\\/\\\/schema.org\",\"@graph\":[{\"@type\":\"WebPage\",\"@id\":\"https:\\\/\\\/k-e.gr\\\/index.php\\\/home-fr\\\/solarhouse1\\\/\",\"url\":\"https:\\\/\\\/k-e.gr\\\/index.php\\\/home-fr\\\/solarhouse1\\\/\",\"name\":\"Maisons autonomes transportables \u00e0 l'\u00e9nergie solaire. - KOSMOS ENERGEIA\",\"isPartOf\":{\"@id\":\"https:\\\/\\\/k-e.gr\\\/#website\"},\"datePublished\":\"2019-08-23T12:27:20+00:00\",\"dateModified\":\"2019-08-27T17:07:04+00:00\",\"description\":\"Nous vous proposons des Maisons autonomes transportables \u00e0 l'\u00e9nergie solaire.. Diff\u00e9rente planification et un autre \u00e9tage est possible.\",\"breadcrumb\":{\"@id\":\"https:\\\/\\\/k-e.gr\\\/index.php\\\/home-fr\\\/solarhouse1\\\/#breadcrumb\"},\"inLanguage\":\"el\",\"potentialAction\":[{\"@type\":\"ReadAction\",\"target\":[\"https:\\\/\\\/k-e.gr\\\/index.php\\\/home-fr\\\/solarhouse1\\\/\"]}]},{\"@type\":\"BreadcrumbList\",\"@id\":\"https:\\\/\\\/k-e.gr\\\/index.php\\\/home-fr\\\/solarhouse1\\\/#breadcrumb\",\"itemListElement\":[{\"@type\":\"ListItem\",\"position\":1,\"name\":\"Home\",\"item\":\"https:\\\/\\\/k-e.gr\\\/index.php\\\/home-gr\\\/\"},{\"@type\":\"ListItem\",\"position\":2,\"name\":\"ACCUEIL\",\"item\":\"https:\\\/\\\/k-e.gr\\\/index.php\\\/home-fr\\\/\"},{\"@type\":\"ListItem\",\"position\":3,\"name\":\"Maisons autonomes transportables \u00e0 l&rsquo;\u00e9nergie solaire.\"}]},{\"@type\":\"WebSite\",\"@id\":\"https:\\\/\\\/k-e.gr\\\/#website\",\"url\":\"https:\\\/\\\/k-e.gr\\\/\",\"name\":\"KOSMOS ENERGEIA\",\"description\":\"\",\"publisher\":{\"@id\":\"https:\\\/\\\/k-e.gr\\\/#organization\"},\"potentialAction\":[{\"@type\":\"SearchAction\",\"target\":{\"@type\":\"EntryPoint\",\"urlTemplate\":\"https:\\\/\\\/k-e.gr\\\/?s={search_term_string}\"},\"query-input\":{\"@type\":\"PropertyValueSpecification\",\"valueRequired\":true,\"valueName\":\"search_term_string\"}}],\"inLanguage\":\"el\"},{\"@type\":\"Organization\",\"@id\":\"https:\\\/\\\/k-e.gr\\\/#organization\",\"name\":\"KOSMOS ENERGEIA\",\"url\":\"https:\\\/\\\/k-e.gr\\\/\",\"logo\":{\"@type\":\"ImageObject\",\"inLanguage\":\"el\",\"@id\":\"https:\\\/\\\/k-e.gr\\\/#\\\/schema\\\/logo\\\/image\\\/\",\"url\":\"https:\\\/\\\/k-e.gr\\\/wp-content\\\/uploads\\\/2016\\\/06\\\/cropped-BRAND-Small-A_2016-e1466169030963.jpg\",\"contentUrl\":\"https:\\\/\\\/k-e.gr\\\/wp-content\\\/uploads\\\/2016\\\/06\\\/cropped-BRAND-Small-A_2016-e1466169030963.jpg\",\"width\":610,\"height\":244,\"caption\":\"KOSMOS ENERGEIA\"},\"image\":{\"@id\":\"https:\\\/\\\/k-e.gr\\\/#\\\/schema\\\/logo\\\/image\\\/\"}}]}<\/script>\n<!-- \/ Yoast SEO plugin. -->","yoast_head_json":{"title":"Maisons autonomes transportables \u00e0 l'\u00e9nergie solaire. - KOSMOS ENERGEIA","description":"Nous vous proposons des Maisons autonomes transportables \u00e0 l'\u00e9nergie solaire.. Diff\u00e9rente planification et un autre \u00e9tage est possible.","robots":{"index":"index","follow":"follow","max-snippet":"max-snippet:-1","max-image-preview":"max-image-preview:large","max-video-preview":"max-video-preview:-1"},"canonical":"https:\/\/k-e.gr\/index.php\/home-fr\/solarhouse1\/","og_locale":"el_GR","og_type":"article","og_title":"Maisons autonomes transportables \u00e0 l'\u00e9nergie solaire. - KOSMOS ENERGEIA","og_description":"Nous vous proposons des Maisons autonomes transportables \u00e0 l'\u00e9nergie solaire.. Diff\u00e9rente planification et un autre \u00e9tage est possible.","og_url":"https:\/\/k-e.gr\/index.php\/home-fr\/solarhouse1\/","og_site_name":"KOSMOS ENERGEIA","article_modified_time":"2019-08-27T17:07:04+00:00","twitter_card":"summary_large_image","twitter_misc":{"\u0395\u03ba\u03c4\u03b9\u03bc\u03ce\u03bc\u03b5\u03bd\u03bf\u03c2 \u03c7\u03c1\u03cc\u03bd\u03bf\u03c2 \u03b1\u03bd\u03ac\u03b3\u03bd\u03c9\u03c3\u03b7\u03c2":"1 \u03bb\u03b5\u03c0\u03c4\u03cc"},"schema":{"@context":"https:\/\/schema.org","@graph":[{"@type":"WebPage","@id":"https:\/\/k-e.gr\/index.php\/home-fr\/solarhouse1\/","url":"https:\/\/k-e.gr\/index.php\/home-fr\/solarhouse1\/","name":"Maisons autonomes transportables \u00e0 l'\u00e9nergie solaire. - KOSMOS ENERGEIA","isPartOf":{"@id":"https:\/\/k-e.gr\/#website"},"datePublished":"2019-08-23T12:27:20+00:00","dateModified":"2019-08-27T17:07:04+00:00","description":"Nous vous proposons des Maisons autonomes transportables \u00e0 l'\u00e9nergie solaire.. Diff\u00e9rente planification et un autre \u00e9tage est possible.","breadcrumb":{"@id":"https:\/\/k-e.gr\/index.php\/home-fr\/solarhouse1\/#breadcrumb"},"inLanguage":"el","potentialAction":[{"@type":"ReadAction","target":["https:\/\/k-e.gr\/index.php\/home-fr\/solarhouse1\/"]}]},{"@type":"BreadcrumbList","@id":"https:\/\/k-e.gr\/index.php\/home-fr\/solarhouse1\/#breadcrumb","itemListElement":[{"@type":"ListItem","position":1,"name":"Home","item":"https:\/\/k-e.gr\/index.php\/home-gr\/"},{"@type":"ListItem","position":2,"name":"ACCUEIL","item":"https:\/\/k-e.gr\/index.php\/home-fr\/"},{"@type":"ListItem","position":3,"name":"Maisons autonomes transportables \u00e0 l&rsquo;\u00e9nergie solaire."}]},{"@type":"WebSite","@id":"https:\/\/k-e.gr\/#website","url":"https:\/\/k-e.gr\/","name":"KOSMOS ENERGEIA","description":"","publisher":{"@id":"https:\/\/k-e.gr\/#organization"},"potentialAction":[{"@type":"SearchAction","target":{"@type":"EntryPoint","urlTemplate":"https:\/\/k-e.gr\/?s={search_term_string}"},"query-input":{"@type":"PropertyValueSpecification","valueRequired":true,"valueName":"search_term_string"}}],"inLanguage":"el"},{"@type":"Organization","@id":"https:\/\/k-e.gr\/#organization","name":"KOSMOS ENERGEIA","url":"https:\/\/k-e.gr\/","logo":{"@type":"ImageObject","inLanguage":"el","@id":"https:\/\/k-e.gr\/#\/schema\/logo\/image\/","url":"https:\/\/k-e.gr\/wp-content\/uploads\/2016\/06\/cropped-BRAND-Small-A_2016-e1466169030963.jpg","contentUrl":"https:\/\/k-e.gr\/wp-content\/uploads\/2016\/06\/cropped-BRAND-Small-A_2016-e1466169030963.jpg","width":610,"height":244,"caption":"KOSMOS ENERGEIA"},"image":{"@id":"https:\/\/k-e.gr\/#\/schema\/logo\/image\/"}}]}},"_links":{"self":[{"href":"https:\/\/k-e.gr\/index.php\/wp-json\/wp\/v2\/pages\/6016","targetHints":{"allow":["GET"]}}],"collection":[{"href":"https:\/\/k-e.gr\/index.php\/wp-json\/wp\/v2\/pages"}],"about":[{"href":"https:\/\/k-e.gr\/index.php\/wp-json\/wp\/v2\/types\/page"}],"author":[{"embeddable":true,"href":"https:\/\/k-e.gr\/index.php\/wp-json\/wp\/v2\/users\/1"}],"replies":[{"embeddable":true,"href":"https:\/\/k-e.gr\/index.php\/wp-json\/wp\/v2\/comments?post=6016"}],"version-history":[{"count":0,"href":"https:\/\/k-e.gr\/index.php\/wp-json\/wp\/v2\/pages\/6016\/revisions"}],"up":[{"embeddable":true,"href":"https:\/\/k-e.gr\/index.php\/wp-json\/wp\/v2\/pages\/6097"}],"wp:attachment":[{"href":"https:\/\/k-e.gr\/index.php\/wp-json\/wp\/v2\/media?parent=6016"}],"curies":[{"name":"wp","href":"https:\/\/api.w.org\/{rel}","templated":true}]}}