{"id":5615,"date":"2019-07-17T10:52:53","date_gmt":"2019-07-17T07:52:53","guid":{"rendered":"http:\/\/k-e.gr\/?page_id=5615"},"modified":"2019-08-29T17:53:06","modified_gmt":"2019-08-29T14:53:06","slug":"machinery","status":"publish","type":"page","link":"https:\/\/k-e.gr\/index.php\/home-fr\/machinery\/","title":{"rendered":"Machines et \u00e9quipements industriels"},"content":{"rendered":"<div id=\"pl-5615\"  class=\"panel-layout\" ><div id=\"pg-5615-0\"  class=\"panel-grid panel-no-style\" ><div id=\"pgc-5615-0-0\"  class=\"panel-grid-cell\" ><div id=\"panel-5615-0-0-0\" class=\"so-panel widget widget_nav_menu panel-first-child panel-last-child\" data-index=\"0\" ><div class=\"menu-fr-machinery-container\"><ul id=\"menu-fr-machinery\" class=\"menu\"><li id=\"menu-item-6258\" class=\"menu-item menu-item-type-post_type menu-item-object-page menu-item-has-children menu-item-6258\"><a href=\"https:\/\/k-e.gr\/index.php\/home-fr\/machinery\/\">Machines et \u00e9quipements industriels<\/a>\n<ul class=\"sub-menu\">\n\t<li id=\"menu-item-6259\" class=\"menu-item menu-item-type-post_type menu-item-object-page menu-item-6259\"><a href=\"https:\/\/k-e.gr\/index.php\/home-fr\/machinery\/food\/\">Machinerie Alimentaire<\/a><\/li>\n\t<li id=\"menu-item-6262\" class=\"menu-item menu-item-type-post_type menu-item-object-page menu-item-6262\"><a href=\"https:\/\/k-e.gr\/index.php\/home-fr\/machinery\/wood\/\">Machines de traitement du bois<\/a><\/li>\n<\/ul>\n<\/li>\n<li id=\"menu-item-6268\" class=\"menu-item menu-item-type-post_type menu-item-object-page menu-item-6268\"><a href=\"https:\/\/k-e.gr\/index.php\/home-en\/machinery-and-equipment\/\">Industrial Machinery and Equipment<\/a><\/li>\n<\/ul><\/div><\/div><\/div><div id=\"pgc-5615-0-1\"  class=\"panel-grid-cell\" ><div id=\"panel-5615-0-1-0\" class=\"so-panel widget widget_sow-image panel-first-child panel-last-child\" data-index=\"1\" ><div\n\t\t\t\n\t\t\tclass=\"so-widget-sow-image so-widget-sow-image-default-8b5b6f678277-5615\"\n\t\t\t\n\t\t>\n<div class=\"sow-image-container\">\n\t\t<img \n\tsrc=\"https:\/\/k-e.gr\/wp-content\/uploads\/2016\/06\/Agricola1_700X440-440x350.jpg\" width=\"440\" height=\"350\" sizes=\"(max-width: 440px) 100vw, 440px\" alt=\"Industrial machinery and equipment -  Machinerie Industrielle Usag\u00e9e - \u0392\u03b9\u03bf\u03bc\u03b7\u03c7\u03b1\u03bd\u03b9\u03ba\u03cc\u03c2 \u03b5\u03be\u03bf\u03c0\u03bb\u03b9\u03c3\u03bc\u03cc\u03c2 \u03ba\u03b1\u03b9 \u03bc\u03b7\u03c7\u03b1\u03bd\u03ae\u03bc\u03b1\u03c4\u03b1\" \t\tclass=\"so-widget-image\"\/>\n\t<\/div>\n\n<\/div><\/div><\/div><\/div><div id=\"pg-5615-1\"  class=\"panel-grid panel-no-style\" ><div id=\"pgc-5615-1-0\"  class=\"panel-grid-cell\" ><div id=\"panel-5615-1-0-0\" class=\"so-panel widget widget_sow-image-grid panel-first-child panel-last-child\" data-index=\"2\" ><div\n\t\t\t\n\t\t\tclass=\"so-widget-sow-image-grid so-widget-sow-image-grid-default-3fbf13dff59f-5615\"\n\t\t\t\n\t\t>\t<div\n\t\tclass=\"sow-image-grid-wrapper\"\n\t\t\t\t\t>\n\t\t\t\t\t<div class=\"sow-image-grid-image\">\n\t\t\t\t\t\t\t\t\t\t\t\t<img loading=\"lazy\" decoding=\"async\" width=\"300\" height=\"225\" src=\"https:\/\/k-e.gr\/wp-content\/uploads\/2017\/06\/027-300x225.jpg\" class=\"sow-image-grid-image_html no-lazy\" alt=\"\" title=\"OLYMPUS DIGITAL CAMERA\" srcset=\"https:\/\/k-e.gr\/wp-content\/uploads\/2017\/06\/027-300x225.jpg 300w, https:\/\/k-e.gr\/wp-content\/uploads\/2017\/06\/027-600x450.jpg 600w, https:\/\/k-e.gr\/wp-content\/uploads\/2017\/06\/027-768x576.jpg 768w, https:\/\/k-e.gr\/wp-content\/uploads\/2017\/06\/027-1024x768.jpg 1024w\" sizes=\"auto, (max-width: 300px) 100vw, 300px\" \/>\t\t\t\t\t\t\t\t\t\t\t<\/div>\n\t\t\t\t\t<div class=\"sow-image-grid-image\">\n\t\t\t\t\t\t\t\t\t\t\t\t<img loading=\"lazy\" decoding=\"async\" width=\"300\" height=\"225\" src=\"https:\/\/k-e.gr\/wp-content\/uploads\/2017\/06\/028-300x225.jpg\" class=\"sow-image-grid-image_html no-lazy\" alt=\"\" title=\"OLYMPUS DIGITAL CAMERA\" srcset=\"https:\/\/k-e.gr\/wp-content\/uploads\/2017\/06\/028-300x225.jpg 300w, https:\/\/k-e.gr\/wp-content\/uploads\/2017\/06\/028-600x450.jpg 600w, https:\/\/k-e.gr\/wp-content\/uploads\/2017\/06\/028-768x576.jpg 768w, https:\/\/k-e.gr\/wp-content\/uploads\/2017\/06\/028-1024x768.jpg 1024w\" sizes=\"auto, (max-width: 300px) 100vw, 300px\" \/>\t\t\t\t\t\t\t\t\t\t\t<\/div>\n\t\t\t\t\t<div class=\"sow-image-grid-image\">\n\t\t\t\t\t\t\t\t\t\t\t\t<img loading=\"lazy\" decoding=\"async\" width=\"300\" height=\"225\" src=\"https:\/\/k-e.gr\/wp-content\/uploads\/2017\/06\/029-300x225.jpg\" class=\"sow-image-grid-image_html no-lazy\" alt=\"\" title=\"OLYMPUS DIGITAL CAMERA\" srcset=\"https:\/\/k-e.gr\/wp-content\/uploads\/2017\/06\/029-300x225.jpg 300w, https:\/\/k-e.gr\/wp-content\/uploads\/2017\/06\/029-600x450.jpg 600w, https:\/\/k-e.gr\/wp-content\/uploads\/2017\/06\/029-768x576.jpg 768w, https:\/\/k-e.gr\/wp-content\/uploads\/2017\/06\/029-1024x768.jpg 1024w\" sizes=\"auto, (max-width: 300px) 100vw, 300px\" \/>\t\t\t\t\t\t\t\t\t\t\t<\/div>\n\t\t\t<\/div>\n<\/div><\/div><\/div><\/div><div id=\"pg-5615-2\"  class=\"panel-grid panel-no-style\" ><div id=\"pgc-5615-2-0\"  class=\"panel-grid-cell\" ><div id=\"panel-5615-2-0-0\" class=\"so-panel widget widget_sow-editor panel-first-child panel-last-child\" data-index=\"3\" ><div\n\t\t\t\n\t\t\tclass=\"so-widget-sow-editor so-widget-sow-editor-base\"\n\t\t\t\n\t\t><h3 class=\"widget-title\">Machinerie Industrielle Usag\u00e9e<\/h3>\n<div class=\"siteorigin-widget-tinymce textwidget\">\n\t<ul>\n<li><span style=\"color: #000000;\"><strong>Machines alimentaires<\/strong><\/span>\n<ul>\n<li><span style=\"color: #000000;\"><strong>\u00a0<a style=\"color: #000000;\" href=\"https:\/\/k-e.gr\/index.php\/home-fr\/machinery\/food\/oil\/\">Decanteur d'huile <\/a><\/strong><\/span><\/li>\n<li><span style=\"color: #000000;\"><a style=\"color: #000000;\" href=\"https:\/\/k-e.gr\/index.php\/home-fr\/machinery\/food\/milk1\/\">Equipement de laiterie<\/a><\/span><\/li>\n<\/ul>\n<\/li>\n<\/ul>\n<p>&nbsp;<\/p>\n<ul>\n<li><strong><span style=\"color: #000000;\"><a style=\"color: #000000;\" href=\"https:\/\/k-e.gr\/index.php\/language\/en\/home-en\/machinery-and-equipment\/compressed-air\/\"><del>Air<\/del> <del>comprim\u00e9<\/del><\/a>\u00a0<\/span><\/strong><\/li>\n<\/ul>\n<p>&nbsp;<\/p>\n<ul>\n<li><strong><span style=\"color: #000000;\">Machines de traitement des m\u00e9taux.<\/span><\/strong>\n<ul>\n<li><span style=\"color: #000000;\"><del><a style=\"color: #000000;\" href=\"https:\/\/k-e.gr\/index.php\/language\/en\/home-en\/machinery-and-equipment\/metal-processing-machinery\/mecolpress-zarz-240-screw-press\/\">Presses<\/a><\/del>.<\/span><\/li>\n<li><span style=\"color: #000000;\"><del>Soudage et d\u00e9coupe<\/del>.<\/span><\/li>\n<li><span style=\"color: #000000;\"><a style=\"color: #000000;\" href=\"https:\/\/k-e.gr\/index.php\/language\/en\/home-en\/machinery-and-equipment\/metal-processing-machinery\/robots\/\">Robots<\/a><\/span><\/li>\n<\/ul>\n<\/li>\n<\/ul>\n<ul>\n<li><strong><span style=\"color: #000000;\"><a style=\"color: #000000;\" href=\"https:\/\/k-e.gr\/index.php\/language\/en\/home-en\/machinery-and-equipment\/woodworking-machines\/\">Machines \u00e0 bois<\/a><\/span><\/strong>\n<ul>\n<li><span style=\"color: #000000;\"><del><a style=\"color: #000000;\" href=\"https:\/\/k-e.gr\/index.php\/language\/en\/home-en\/machinery-and-equipment\/woodworking-machines\/uniteam-esseteam-sprint-cnc-machining-center\/\">Machines d'usinage CNC<\/a><\/del>\u00a0<\/span><\/li>\n<li><span style=\"color: #000000;\"><a style=\"color: #000000;\" href=\"https:\/\/k-e.gr\/index.php\/language\/en\/home-en\/machinery-and-equipment\/woodworking-machines\/sanding-machine-cb-elite-11-rt\/\">Ponceuses<\/a>\u00a0<\/span><\/li>\n<li><span style=\"color: #000000;\"><a style=\"color: #000000;\" href=\"https:\/\/k-e.gr\/index.php\/language\/en\/home-en\/machinery-and-equipment\/woodworking-machines\/spraying-painting-lacquering-plant-superfici-magnum\/\"><span class=\"gattung\">Usines de finition laquage-pulv\u00e9risation<\/span><\/a><\/span><\/li>\n<\/ul>\n<\/li>\n<\/ul>\n<ul>\n<li><span style=\"color: #000000;\">\u00a0<del><a style=\"color: #000000;\" href=\"https:\/\/k-e.gr\/index.php\/language\/en\/home-en\/machinery-and-equipment\/process-engineering\/\">G\u00e9nie des proc\u00e9d\u00e9s<\/a> -\u00a0<a style=\"color: #000000;\" href=\"https:\/\/k-e.gr\/index.php\/language\/en\/home-en\/machinery-and-equipment\/process-engineering\/powder-bulk-material-plant\/\"><span style=\"font-family: Verdana, Geneva, sans-serif; font-weight: inherit;\">Syst\u00e8me de traitement de la poudre<\/span><\/a><\/del><\/span><\/li>\n<\/ul>\n<p>&nbsp;<\/p>\n<p>22\/8\/2019<\/p>\n<\/div>\n<\/div><\/div><\/div><\/div><div id=\"pg-5615-3\"  class=\"panel-grid panel-no-style\" ><div id=\"pgc-5615-3-0\"  class=\"panel-grid-cell\" ><div id=\"panel-5615-3-0-0\" class=\"widget_text so-panel widget widget_custom_html panel-first-child panel-last-child\" data-index=\"4\" ><div class=\"textwidget custom-html-widget\"><!-- \u0394\u03b7\u03bc\u03b9\u03bf\u03c5\u03c1\u03b3\u03ae\u03b8\u03b7\u03ba\u03b5 \u03c3\u03ae\u03bc\u03b1\u03bd\u03c3\u03b7 JSON-LD \u03b1\u03c0\u03cc \u03c4\u03bf \u0392\u03bf\u03b7\u03b8\u03b7\u03c4\u03b9\u03ba\u03cc \u03c0\u03c1\u03cc\u03b3\u03c1\u03b1\u03bc\u03bc\u03b1 \u03b3\u03b9\u03b1 \u03c4\u03b7 \u03c3\u03ae\u03bc\u03b1\u03bd\u03c3\u03b7 \u03b4\u03bf\u03bc\u03b7\u03bc\u03ad\u03bd\u03c9\u03bd \u03b4\u03b5\u03b4\u03bf\u03bc\u03ad\u03bd\u03c9\u03bd Google. -->\n<script type=\"application\/ld+json\">\n[ {\n  \"@context\" : \"http:\/\/schema.org\",\n  \"@type\" : \"Product\",\n  \"name\" : \"Machines et \u00e9quipements industriels\",\n  \"image\" : \"https:\/\/k-e.gr\/wp-content\/uploads\/2016\/06\/DEL_SHOW_2017-169x300.jpg\",\n  \"description\" : \"Machines alimentaires\"\n}, {\n  \"@context\" : \"http:\/\/schema.org\",\n  \"@type\" : \"Product\",\n  \"name\" : \"Machines et \u00e9quipements industriels\",\n  \"image\" : \"https:\/\/k-e.gr\/wp-content\/uploads\/2016\/06\/DEL_SHOW_2017-169x300.jpg\",\n  \"description\" : \"Air comprim\u00e9\"\n}, {\n  \"@context\" : \"http:\/\/schema.org\",\n  \"@type\" : \"Product\",\n  \"name\" : \"Machines et \u00e9quipements industriels\",\n  \"image\" : \"https:\/\/k-e.gr\/wp-content\/uploads\/2016\/06\/DEL_SHOW_2017-169x300.jpg\",\n  \"description\" : \"Machines de traitement des m\u00e9taux\"\n}, {\n  \"@context\" : \"http:\/\/schema.org\",\n  \"@type\" : \"Product\",\n  \"name\" : \"Machines et \u00e9quipements industriels\",\n  \"image\" : \"https:\/\/k-e.gr\/wp-content\/uploads\/2016\/06\/DEL_SHOW_2017-169x300.jpg\",\n  \"description\" : \"Machines \u00e0 bois\"\n} ]\n<\/script><\/div><\/div><\/div><div id=\"pgc-5615-3-1\"  class=\"panel-grid-cell panel-grid-cell-empty panel-grid-cell-mobile-last\" ><\/div><div id=\"pgc-5615-3-2\"  class=\"panel-grid-cell panel-grid-cell-empty\" ><\/div><\/div><div id=\"pg-5615-4\"  class=\"panel-grid panel-no-style\" ><div id=\"pgc-5615-4-0\"  class=\"panel-grid-cell panel-grid-cell-empty\" ><\/div><div id=\"pgc-5615-4-1\"  class=\"panel-grid-cell panel-grid-cell-mobile-last\" ><div id=\"panel-5615-4-1-0\" class=\"widget_text so-panel widget widget_custom_html panel-first-child panel-last-child\" data-index=\"5\" ><div class=\"textwidget custom-html-widget\"><head>\n  <meta charset=\"UTF-8\">\n  <meta name=\"description\" content=\" Machinerie Industrielle Usag\u00e9e, situ\u00e9 en GR, IT, D, BG, CH,ES,DE,IT,HU,BE,FR,SK, Europe. Liquidations \">\n  <meta name=\"keywords\" content=\" Machinerie Industrielle Usag\u00e9e, situ\u00e9 en GR, IT, D, BG, CH,ES,DE,IT,HU,BE,FR,SK, Europe. Liquidations,  Air comprim\u00e9, Machines de traitement des m\u00e9taux, Presses, Soudage et d\u00e9coupe, Robots, Machines d'usinage de fen\u00eatres, Machines alimentaires, Westfalia S\u00e9parateur de lait & ALFA LAVAL Pasteurazation unit\u00e9, Machines \u00e0 bois, Machines d'usinage CNC, Ponceuses, Usines de finition laquage-pulv\u00e9risation,  G\u00e9nie des proc\u00e9d\u00e9s, Syst\u00e8me de traitement de la poudre\">\n  <meta name=\"author\" content=\"KOSMOS ENERGEIA\">\n  <meta name=\"viewport\" content=\"width=device-width, initial-scale=1.0\">\n<\/head>\n<\/div><\/div><\/div><div id=\"pgc-5615-4-2\"  class=\"panel-grid-cell panel-grid-cell-empty\" ><\/div><\/div><div id=\"pg-5615-5\"  class=\"panel-grid panel-no-style\" ><div id=\"pgc-5615-5-0\"  class=\"panel-grid-cell panel-grid-cell-empty panel-grid-cell-mobile-last\" ><\/div><div id=\"pgc-5615-5-1\"  class=\"panel-grid-cell panel-grid-cell-empty\" ><\/div><\/div><\/div>","protected":false},"excerpt":{"rendered":"<p>Machines et \u00e9quipements industriels Machinerie Alimentaire Machines de traitement du bois Industrial Machinery and Equipment Machinerie Industrielle Usag\u00e9e Machines alimentaires \u00a0Decanteur d&#8217;huile Equipement de laiterie &nbsp; Air comprim\u00e9\u00a0 &nbsp; Machines de traitement des m\u00e9taux. Presses. Soudage et d\u00e9coupe. Robots Machines \u00e0 bois Machines d&#8217;usinage CNC\u00a0 Ponceuses\u00a0 Usines de finition laquage-pulv\u00e9risation \u00a0G\u00e9nie des proc\u00e9d\u00e9s &#8211;\u00a0Syst\u00e8me de [&hellip;]<\/p>\n","protected":false},"author":1,"featured_media":0,"parent":6097,"menu_order":7,"comment_status":"closed","ping_status":"closed","template":"","meta":{"footnotes":""},"class_list":["post-5615","page","type-page","status-publish","czr-hentry"],"yoast_head":"<!-- This site is optimized with the Yoast SEO plugin v27.5 - https:\/\/yoast.com\/product\/yoast-seo-wordpress\/ -->\n<title>Machines et \u00e9quipements industriels - KOSMOS ENERGEIA<\/title>\n<meta name=\"description\" content=\"Machines et \u00e9quipements industriels en liquidation contr\u00f4l\u00e9s par notre personnel. Travail du bois, transformation des m\u00e9taux, transformation des aliments, g\u00e9nie des proc\u00e9d\u00e9s, etc.\" \/>\n<meta name=\"robots\" content=\"index, follow, max-snippet:-1, max-image-preview:large, max-video-preview:-1\" \/>\n<link rel=\"canonical\" href=\"https:\/\/k-e.gr\/index.php\/home-fr\/machinery\/\" \/>\n<meta property=\"og:locale\" content=\"el_GR\" \/>\n<meta property=\"og:type\" content=\"article\" \/>\n<meta property=\"og:title\" content=\"Machines et \u00e9quipements industriels - KOSMOS ENERGEIA\" \/>\n<meta property=\"og:description\" content=\"Machines et \u00e9quipements industriels en liquidation contr\u00f4l\u00e9s par notre personnel. Travail du bois, transformation des m\u00e9taux, transformation des aliments, g\u00e9nie des proc\u00e9d\u00e9s, etc.\" \/>\n<meta property=\"og:url\" content=\"https:\/\/k-e.gr\/index.php\/home-fr\/machinery\/\" \/>\n<meta property=\"og:site_name\" content=\"KOSMOS ENERGEIA\" \/>\n<meta property=\"article:modified_time\" content=\"2019-08-29T14:53:06+00:00\" \/>\n<meta name=\"twitter:card\" content=\"summary_large_image\" \/>\n<script type=\"application\/ld+json\" class=\"yoast-schema-graph\">{\"@context\":\"https:\\\/\\\/schema.org\",\"@graph\":[{\"@type\":\"WebPage\",\"@id\":\"https:\\\/\\\/k-e.gr\\\/index.php\\\/home-fr\\\/machinery\\\/\",\"url\":\"https:\\\/\\\/k-e.gr\\\/index.php\\\/home-fr\\\/machinery\\\/\",\"name\":\"Machines et \u00e9quipements industriels - KOSMOS ENERGEIA\",\"isPartOf\":{\"@id\":\"https:\\\/\\\/k-e.gr\\\/#website\"},\"datePublished\":\"2019-07-17T07:52:53+00:00\",\"dateModified\":\"2019-08-29T14:53:06+00:00\",\"description\":\"Machines et \u00e9quipements industriels en liquidation contr\u00f4l\u00e9s par notre personnel. Travail du bois, transformation des m\u00e9taux, transformation des aliments, g\u00e9nie des proc\u00e9d\u00e9s, etc.\",\"breadcrumb\":{\"@id\":\"https:\\\/\\\/k-e.gr\\\/index.php\\\/home-fr\\\/machinery\\\/#breadcrumb\"},\"inLanguage\":\"el\",\"potentialAction\":[{\"@type\":\"ReadAction\",\"target\":[\"https:\\\/\\\/k-e.gr\\\/index.php\\\/home-fr\\\/machinery\\\/\"]}]},{\"@type\":\"BreadcrumbList\",\"@id\":\"https:\\\/\\\/k-e.gr\\\/index.php\\\/home-fr\\\/machinery\\\/#breadcrumb\",\"itemListElement\":[{\"@type\":\"ListItem\",\"position\":1,\"name\":\"Home\",\"item\":\"https:\\\/\\\/k-e.gr\\\/index.php\\\/home-gr\\\/\"},{\"@type\":\"ListItem\",\"position\":2,\"name\":\"ACCUEIL\",\"item\":\"https:\\\/\\\/k-e.gr\\\/index.php\\\/home-fr\\\/\"},{\"@type\":\"ListItem\",\"position\":3,\"name\":\"Machines et \u00e9quipements industriels\"}]},{\"@type\":\"WebSite\",\"@id\":\"https:\\\/\\\/k-e.gr\\\/#website\",\"url\":\"https:\\\/\\\/k-e.gr\\\/\",\"name\":\"KOSMOS ENERGEIA\",\"description\":\"\",\"publisher\":{\"@id\":\"https:\\\/\\\/k-e.gr\\\/#organization\"},\"potentialAction\":[{\"@type\":\"SearchAction\",\"target\":{\"@type\":\"EntryPoint\",\"urlTemplate\":\"https:\\\/\\\/k-e.gr\\\/?s={search_term_string}\"},\"query-input\":{\"@type\":\"PropertyValueSpecification\",\"valueRequired\":true,\"valueName\":\"search_term_string\"}}],\"inLanguage\":\"el\"},{\"@type\":\"Organization\",\"@id\":\"https:\\\/\\\/k-e.gr\\\/#organization\",\"name\":\"KOSMOS ENERGEIA\",\"url\":\"https:\\\/\\\/k-e.gr\\\/\",\"logo\":{\"@type\":\"ImageObject\",\"inLanguage\":\"el\",\"@id\":\"https:\\\/\\\/k-e.gr\\\/#\\\/schema\\\/logo\\\/image\\\/\",\"url\":\"https:\\\/\\\/k-e.gr\\\/wp-content\\\/uploads\\\/2016\\\/06\\\/cropped-BRAND-Small-A_2016-e1466169030963.jpg\",\"contentUrl\":\"https:\\\/\\\/k-e.gr\\\/wp-content\\\/uploads\\\/2016\\\/06\\\/cropped-BRAND-Small-A_2016-e1466169030963.jpg\",\"width\":610,\"height\":244,\"caption\":\"KOSMOS ENERGEIA\"},\"image\":{\"@id\":\"https:\\\/\\\/k-e.gr\\\/#\\\/schema\\\/logo\\\/image\\\/\"}}]}<\/script>\n<!-- \/ Yoast SEO plugin. -->","yoast_head_json":{"title":"Machines et \u00e9quipements industriels - KOSMOS ENERGEIA","description":"Machines et \u00e9quipements industriels en liquidation contr\u00f4l\u00e9s par notre personnel. Travail du bois, transformation des m\u00e9taux, transformation des aliments, g\u00e9nie des proc\u00e9d\u00e9s, etc.","robots":{"index":"index","follow":"follow","max-snippet":"max-snippet:-1","max-image-preview":"max-image-preview:large","max-video-preview":"max-video-preview:-1"},"canonical":"https:\/\/k-e.gr\/index.php\/home-fr\/machinery\/","og_locale":"el_GR","og_type":"article","og_title":"Machines et \u00e9quipements industriels - KOSMOS ENERGEIA","og_description":"Machines et \u00e9quipements industriels en liquidation contr\u00f4l\u00e9s par notre personnel. Travail du bois, transformation des m\u00e9taux, transformation des aliments, g\u00e9nie des proc\u00e9d\u00e9s, etc.","og_url":"https:\/\/k-e.gr\/index.php\/home-fr\/machinery\/","og_site_name":"KOSMOS ENERGEIA","article_modified_time":"2019-08-29T14:53:06+00:00","twitter_card":"summary_large_image","schema":{"@context":"https:\/\/schema.org","@graph":[{"@type":"WebPage","@id":"https:\/\/k-e.gr\/index.php\/home-fr\/machinery\/","url":"https:\/\/k-e.gr\/index.php\/home-fr\/machinery\/","name":"Machines et \u00e9quipements industriels - KOSMOS ENERGEIA","isPartOf":{"@id":"https:\/\/k-e.gr\/#website"},"datePublished":"2019-07-17T07:52:53+00:00","dateModified":"2019-08-29T14:53:06+00:00","description":"Machines et \u00e9quipements industriels en liquidation contr\u00f4l\u00e9s par notre personnel. Travail du bois, transformation des m\u00e9taux, transformation des aliments, g\u00e9nie des proc\u00e9d\u00e9s, etc.","breadcrumb":{"@id":"https:\/\/k-e.gr\/index.php\/home-fr\/machinery\/#breadcrumb"},"inLanguage":"el","potentialAction":[{"@type":"ReadAction","target":["https:\/\/k-e.gr\/index.php\/home-fr\/machinery\/"]}]},{"@type":"BreadcrumbList","@id":"https:\/\/k-e.gr\/index.php\/home-fr\/machinery\/#breadcrumb","itemListElement":[{"@type":"ListItem","position":1,"name":"Home","item":"https:\/\/k-e.gr\/index.php\/home-gr\/"},{"@type":"ListItem","position":2,"name":"ACCUEIL","item":"https:\/\/k-e.gr\/index.php\/home-fr\/"},{"@type":"ListItem","position":3,"name":"Machines et \u00e9quipements industriels"}]},{"@type":"WebSite","@id":"https:\/\/k-e.gr\/#website","url":"https:\/\/k-e.gr\/","name":"KOSMOS ENERGEIA","description":"","publisher":{"@id":"https:\/\/k-e.gr\/#organization"},"potentialAction":[{"@type":"SearchAction","target":{"@type":"EntryPoint","urlTemplate":"https:\/\/k-e.gr\/?s={search_term_string}"},"query-input":{"@type":"PropertyValueSpecification","valueRequired":true,"valueName":"search_term_string"}}],"inLanguage":"el"},{"@type":"Organization","@id":"https:\/\/k-e.gr\/#organization","name":"KOSMOS ENERGEIA","url":"https:\/\/k-e.gr\/","logo":{"@type":"ImageObject","inLanguage":"el","@id":"https:\/\/k-e.gr\/#\/schema\/logo\/image\/","url":"https:\/\/k-e.gr\/wp-content\/uploads\/2016\/06\/cropped-BRAND-Small-A_2016-e1466169030963.jpg","contentUrl":"https:\/\/k-e.gr\/wp-content\/uploads\/2016\/06\/cropped-BRAND-Small-A_2016-e1466169030963.jpg","width":610,"height":244,"caption":"KOSMOS ENERGEIA"},"image":{"@id":"https:\/\/k-e.gr\/#\/schema\/logo\/image\/"}}]}},"_links":{"self":[{"href":"https:\/\/k-e.gr\/index.php\/wp-json\/wp\/v2\/pages\/5615","targetHints":{"allow":["GET"]}}],"collection":[{"href":"https:\/\/k-e.gr\/index.php\/wp-json\/wp\/v2\/pages"}],"about":[{"href":"https:\/\/k-e.gr\/index.php\/wp-json\/wp\/v2\/types\/page"}],"author":[{"embeddable":true,"href":"https:\/\/k-e.gr\/index.php\/wp-json\/wp\/v2\/users\/1"}],"replies":[{"embeddable":true,"href":"https:\/\/k-e.gr\/index.php\/wp-json\/wp\/v2\/comments?post=5615"}],"version-history":[{"count":0,"href":"https:\/\/k-e.gr\/index.php\/wp-json\/wp\/v2\/pages\/5615\/revisions"}],"up":[{"embeddable":true,"href":"https:\/\/k-e.gr\/index.php\/wp-json\/wp\/v2\/pages\/6097"}],"wp:attachment":[{"href":"https:\/\/k-e.gr\/index.php\/wp-json\/wp\/v2\/media?parent=5615"}],"curies":[{"name":"wp","href":"https:\/\/api.w.org\/{rel}","templated":true}]}}